{"id":5026,"date":"2023-09-21T21:37:02","date_gmt":"2023-09-21T21:37:02","guid":{"rendered":"https:\/\/thesupplyscout.com\/?page_id=5026"},"modified":"2024-08-20T23:55:54","modified_gmt":"2024-08-20T23:55:54","slug":"faq","status":"publish","type":"page","link":"https:\/\/thesupplyscout.com\/pt\/faq\/","title":{"rendered":"Perguntas frequentes"},"content":{"rendered":"<p><div class=\"fusion-fullwidth fullwidth-box fusion-builder-row-1 fusion-flex-container has-pattern-background has-mask-background fusion-parallax-none nonhundred-percent-fullwidth non-hundred-percent-height-scrolling lazyload\" style=\"--awb-background-position:center top;--awb-background-blend-mode:multiply;--awb-border-radius-top-left:0px;--awb-border-radius-top-right:0px;--awb-border-radius-bottom-right:0px;--awb-border-radius-bottom-left:0px;--awb-padding-top:70px;--awb-padding-bottom-small:20px;--awb-background-color:rgba(28,28,28,0);--awb-background-size:cover;--awb-flex-wrap:wrap;\" data-bg=\"https:\/\/thesupplyscout.com\/wp-content\/uploads\/2023\/09\/Cypress-Poles-scaled.jpg\" ><div class=\"fusion-builder-row fusion-row fusion-flex-align-items-flex-start fusion-flex-content-wrap\" style=\"max-width:1456px;margin-left: calc(-4% \/ 2 );margin-right: calc(-4% \/ 2 );\"><div class=\"fusion-layout-column fusion_builder_column fusion-builder-column-0 fusion_builder_column_1_1 1_1 fusion-flex-column\" style=\"--awb-bg-size:cover;--awb-width-large:100%;--awb-margin-top-large:0px;--awb-spacing-right-large:1.92%;--awb-margin-bottom-large:20px;--awb-spacing-left-large:1.92%;--awb-width-medium:100%;--awb-order-medium:0;--awb-spacing-right-medium:1.92%;--awb-spacing-left-medium:1.92%;--awb-width-small:100%;--awb-order-small:0;--awb-spacing-right-small:1.92%;--awb-spacing-left-small:1.92%;\"><div class=\"fusion-column-wrapper fusion-column-has-shadow fusion-flex-justify-content-flex-start fusion-content-layout-column\"><div class=\"fusion-separator fusion-no-medium-visibility fusion-no-large-visibility fusion-full-width-sep\" style=\"align-self: center;margin-left: auto;margin-right: auto;margin-top:350px;width:100%;\"><\/div><div class=\"fusion-separator fusion-no-small-visibility fusion-no-medium-visibility fusion-full-width-sep\" style=\"align-self: center;margin-left: auto;margin-right: auto;margin-top:350px;width:100%;\"><\/div><\/div><\/div><div class=\"fusion-layout-column fusion_builder_column fusion-builder-column-1 fusion_builder_column_2_5 2_5 fusion-flex-column fusion-no-small-visibility\" style=\"--awb-padding-right:10px;--awb-padding-left:10px;--awb-overflow:hidden;--awb-bg-color:rgba(0,0,0,0.8);--awb-bg-color-hover:rgba(0,0,0,0.8);--awb-bg-size:cover;--awb-border-color:var(--awb-color6);--awb-border-top:1px;--awb-border-right:1px;--awb-border-bottom:1px;--awb-border-left:1px;--awb-border-style:solid;--awb-border-radius:10px 10px 10px 10px;--awb-width-large:40%;--awb-margin-top-large:0px;--awb-spacing-right-large:4.8%;--awb-margin-bottom-large:20px;--awb-spacing-left-large:4.8%;--awb-width-medium:100%;--awb-order-medium:0;--awb-spacing-right-medium:1.92%;--awb-spacing-left-medium:1.92%;--awb-width-small:100%;--awb-order-small:0;--awb-spacing-right-small:1.92%;--awb-spacing-left-small:1.92%;\" data-scroll-devices=\"small-visibility,medium-visibility,large-visibility\"><div class=\"fusion-column-wrapper fusion-column-has-shadow fusion-flex-justify-content-flex-end fusion-content-layout-column\"><div class=\"fusion-title title fusion-title-1 fusion-sep-none fusion-title-center fusion-title-text fusion-title-size-two\" style=\"--awb-text-color:#f9f9f9;--awb-font-size:30px;\"><h2 class=\"fusion-title-heading title-heading-center\" style=\"margin:0;font-size:1em;\"><h1>Perguntas frequentes<\/h1><\/h2><\/div><\/div><\/div><\/div><\/div><div class=\"fusion-fullwidth fullwidth-box fusion-builder-row-2 fusion-flex-container has-pattern-background has-mask-background nonhundred-percent-fullwidth non-hundred-percent-height-scrolling\" style=\"--awb-border-radius-top-left:0px;--awb-border-radius-top-right:0px;--awb-border-radius-bottom-right:0px;--awb-border-radius-bottom-left:0px;--awb-padding-top:20px;--awb-padding-bottom:0px;--awb-background-color:var(--awb-custom11);--awb-flex-wrap:wrap;\" ><div class=\"fusion-builder-row fusion-row fusion-flex-align-items-center fusion-flex-justify-content-center fusion-flex-content-wrap\" style=\"max-width:1456px;margin-left: calc(-4% \/ 2 );margin-right: calc(-4% \/ 2 );\"><div class=\"fusion-layout-column fusion_builder_column fusion-builder-column-2 fusion_builder_column_1_1 1_1 fusion-flex-column\" style=\"--awb-padding-top:10px;--awb-padding-right:10px;--awb-padding-bottom:10px;--awb-padding-left:10px;--awb-bg-color:var(--awb-color1);--awb-bg-color-hover:var(--awb-color1);--awb-bg-size:cover;--awb-width-large:100%;--awb-margin-top-large:0px;--awb-spacing-right-large:1.92%;--awb-margin-bottom-large:20px;--awb-spacing-left-large:1.92%;--awb-width-medium:100%;--awb-order-medium:0;--awb-spacing-right-medium:1.92%;--awb-spacing-left-medium:1.92%;--awb-width-small:100%;--awb-order-small:0;--awb-spacing-right-small:1.92%;--awb-spacing-left-small:1.92%;\" data-scroll-devices=\"small-visibility,medium-visibility,large-visibility\"><div class=\"fusion-column-wrapper fusion-column-has-shadow fusion-flex-justify-content-flex-start fusion-content-layout-column\"><div class=\"accordian fusion-accordian\" style=\"--awb-border-size:1px;--awb-icon-size:16px;--awb-content-font-size:17px;--awb-icon-alignment:right;--awb-hover-color:#f9f9fb;--awb-border-color:#e2e2e2;--awb-background-color:#ffffff;--awb-divider-color:#e2e2e2;--awb-divider-hover-color:#e2e2e2;--awb-icon-color:var(--awb-custom14);--awb-title-color:var(--awb-custom_color_1);--awb-content-color:#4a4e57;--awb-icon-box-color:var(--awb-color1);--awb-toggle-hover-accent-color:var(--awb-custom_color_1);--awb-title-font-family:&quot;Poppins&quot;;--awb-title-font-weight:600;--awb-title-font-style:normal;--awb-title-font-size:19px;--awb-title-line-height:1.3em;--awb-content-font-family:&quot;Open Sans&quot;;--awb-content-font-style:normal;--awb-content-font-weight:400;\"><div class=\"panel-group fusion-toggle-icon-right fusion-toggle-icon-unboxed\" id=\"accordion-5026-1\"><div class=\"fusion-panel panel-default panel-03840fd9313e7b888 fusion-toggle-has-divider\" style=\"--awb-title-color:var(--awb-custom12);\"><div class=\"panel-heading\"><h3 class=\"panel-title toggle\" id=\"toggle_03840fd9313e7b888\"><a aria-expanded=\"false\" aria-controls=\"03840fd9313e7b888\" role=\"button\" data-toggle=\"collapse\" data-parent=\"#accordion-5026-1\" data-target=\"#03840fd9313e7b888\" href=\"#03840fd9313e7b888\"><span class=\"fusion-toggle-icon-wrapper\" aria-hidden=\"true\"><i class=\"fa-fusion-box active-icon fa-plus fas\" aria-hidden=\"true\"><\/i><i class=\"fa-fusion-box inactive-icon fa-plus fas\" aria-hidden=\"true\"><\/i><\/span><span class=\"fusion-toggle-heading\">A The Supply Scout fornece produtos tem\u00e1ticos exclusivamente para construtoras?<\/span><\/a><\/h3><\/div><div id=\"03840fd9313e7b888\" class=\"panel-collapse collapse\" aria-labelledby=\"toggle_03840fd9313e7b888\"><div class=\"panel-body toggle-content fusion-clearfix\">\n<p>A Supply Scout oferece seus produtos e servi\u00e7os a uma ampla gama de clientes, incluindo entidades comerciais e residenciais, e n\u00e3o apenas empresas de constru\u00e7\u00e3o.<\/p>\n<\/div><\/div><\/div><div class=\"fusion-panel panel-default panel-b04282ef361fc3226 fusion-toggle-has-divider\" style=\"--awb-title-color:var(--awb-custom12);\"><div class=\"panel-heading\"><h3 class=\"panel-title toggle\" id=\"toggle_b04282ef361fc3226\"><a aria-expanded=\"false\" aria-controls=\"b04282ef361fc3226\" role=\"button\" data-toggle=\"collapse\" data-parent=\"#accordion-5026-1\" data-target=\"#b04282ef361fc3226\" href=\"#b04282ef361fc3226\"><span class=\"fusion-toggle-icon-wrapper\" aria-hidden=\"true\"><i class=\"fa-fusion-box active-icon fa-plus fas\" aria-hidden=\"true\"><\/i><i class=\"fa-fusion-box inactive-icon fa-plus fas\" aria-hidden=\"true\"><\/i><\/span><span class=\"fusion-toggle-heading\">Que tipo de garantia acompanha a palha artificial do Supply Scout, Nipa?<\/span><\/a><\/h3><\/div><div id=\"b04282ef361fc3226\" class=\"panel-collapse collapse\" aria-labelledby=\"toggle_b04282ef361fc3226\"><div class=\"panel-body toggle-content fusion-clearfix\">\n<p>A palha artificial da Supply Scout, conhecida como Nipa, tem garantia limitada de 20 anos. Esta garantia garante aos clientes a qualidade e durabilidade do produto ao longo de duas d\u00e9cadas, proporcionando-lhes tranquilidade e confian\u00e7a no seu desempenho e confiabilidade a longo prazo.<\/p>\n<\/div><\/div><\/div><div class=\"fusion-panel panel-default panel-46745894c1ab05fbd fusion-toggle-has-divider\" style=\"--awb-title-color:var(--awb-custom12);\"><div class=\"panel-heading\"><h3 class=\"panel-title toggle\" id=\"toggle_46745894c1ab05fbd\"><a aria-expanded=\"false\" aria-controls=\"46745894c1ab05fbd\" role=\"button\" data-toggle=\"collapse\" data-parent=\"#accordion-5026-1\" data-target=\"#46745894c1ab05fbd\" href=\"#46745894c1ab05fbd\"><span class=\"fusion-toggle-icon-wrapper\" aria-hidden=\"true\"><i class=\"fa-fusion-box active-icon fa-plus fas\" aria-hidden=\"true\"><\/i><i class=\"fa-fusion-box inactive-icon fa-plus fas\" aria-hidden=\"true\"><\/i><\/span><span class=\"fusion-toggle-heading\"> A palha Nipa vem com alguma certifica\u00e7\u00e3o de seguran\u00e7a contra inc\u00eandio?<\/span><\/a><\/h3><\/div><div id=\"46745894c1ab05fbd\" class=\"panel-collapse collapse\" aria-labelledby=\"toggle_46745894c1ab05fbd\"><div class=\"panel-body toggle-content fusion-clearfix\">\n<p>Sim, o palha Nipa est\u00e1 equipado com classifica\u00e7\u00e3o de fogo Classe A, indicando que possui o mais alto n\u00edvel de resist\u00eancia ao fogo em sua categoria. Esta classifica\u00e7\u00e3o significa que o material foi submetido a testes rigorosos e demonstrou resistir eficazmente \u00e0 propaga\u00e7\u00e3o de chamas e minimizar a quantidade de fuma\u00e7a produzida. A classifica\u00e7\u00e3o de inc\u00eandio Classe A garante que a palha Nipa cumpra padr\u00f5es de seguran\u00e7a rigorosos, tornando-a uma escolha confi\u00e1vel para clientes preocupados com a seguran\u00e7a contra inc\u00eandio em seus materiais de constru\u00e7\u00e3o.<\/p>\n<\/div><\/div><\/div><div class=\"fusion-panel panel-default panel-80089aea40720ab80 fusion-toggle-has-divider\" style=\"--awb-title-color:var(--awb-custom12);\"><div class=\"panel-heading\"><h3 class=\"panel-title toggle\" id=\"toggle_80089aea40720ab80\"><a aria-expanded=\"false\" aria-controls=\"80089aea40720ab80\" role=\"button\" data-toggle=\"collapse\" data-parent=\"#accordion-5026-1\" data-target=\"#80089aea40720ab80\" href=\"#80089aea40720ab80\"><span class=\"fusion-toggle-icon-wrapper\" aria-hidden=\"true\"><i class=\"fa-fusion-box active-icon fa-plus fas\" aria-hidden=\"true\"><\/i><i class=\"fa-fusion-box inactive-icon fa-plus fas\" aria-hidden=\"true\"><\/i><\/span><span class=\"fusion-toggle-heading\"> O Nipa Synthetic Thatch \u00e9 capaz de resistir a condi\u00e7\u00f5es de ventos fortes, como os experimentados em furac\u00f5es?<\/span><\/a><\/h3><\/div><div id=\"80089aea40720ab80\" class=\"panel-collapse collapse\" aria-labelledby=\"toggle_80089aea40720ab80\"><div class=\"panel-body toggle-content fusion-clearfix\">\n<p>Sim, o Nipa Synthetic Thatch foi projetado para suportar condi\u00e7\u00f5es clim\u00e1ticas extremas, incluindo ventos fortes de at\u00e9 200 mph, quando instalado de acordo com as especifica\u00e7\u00f5es do fabricante. Foi submetido a extensos testes para garantir a sua durabilidade e capacidade de suportar condi\u00e7\u00f5es t\u00e3o intensas, tornando-o uma op\u00e7\u00e3o robusta para \u00e1reas propensas a ventos fortes e furac\u00f5es. Esta resili\u00eancia garante que o colmo permanece seguro e intacto, mesmo em condi\u00e7\u00f5es meteorol\u00f3gicas adversas, proporcionando fiabilidade e tranquilidade aos utilizadores.<\/p>\n<\/div><\/div><\/div><div class=\"fusion-panel panel-default panel-0239a7fd320832591 fusion-toggle-has-divider\" style=\"--awb-title-color:var(--awb-custom12);\"><div class=\"panel-heading\"><h3 class=\"panel-title toggle\" id=\"toggle_0239a7fd320832591\"><a aria-expanded=\"false\" aria-controls=\"0239a7fd320832591\" role=\"button\" data-toggle=\"collapse\" data-parent=\"#accordion-5026-1\" data-target=\"#0239a7fd320832591\" href=\"#0239a7fd320832591\"><span class=\"fusion-toggle-icon-wrapper\" aria-hidden=\"true\"><i class=\"fa-fusion-box active-icon fa-plus fas\" aria-hidden=\"true\"><\/i><i class=\"fa-fusion-box inactive-icon fa-plus fas\" aria-hidden=\"true\"><\/i><\/span><span class=\"fusion-toggle-heading\">Qual \u00e9 a faixa de pre\u00e7o do Nipa Artificial Thatch?<\/span><\/a><\/h3><\/div><div id=\"0239a7fd320832591\" class=\"panel-collapse collapse\" aria-labelledby=\"toggle_0239a7fd320832591\"><div class=\"panel-body toggle-content fusion-clearfix\">\n<p>O custo do Nipa Synthetic Thatch varia dependendo de v\u00e1rios fatores, incluindo o tamanho do seu projeto, localiza\u00e7\u00e3o e outros requisitos espec\u00edficos. Para obter uma estimativa precisa e personalizada para suas necessidades espec\u00edficas, \u00e9 melhor entrar em contato com um de nossos especialistas em palha. Eles podem fornecer um or\u00e7amento personalizado considerando todas as vari\u00e1veis exclusivas do seu projeto, garantindo que voc\u00ea receba informa\u00e7\u00f5es precisas sobre pre\u00e7os.<\/p>\n<\/div><\/div><\/div><div class=\"fusion-panel panel-default panel-10275b9541a8cea3f fusion-toggle-has-divider\" style=\"--awb-title-color:var(--awb-custom12);\"><div class=\"panel-heading\"><h3 class=\"panel-title toggle\" id=\"toggle_10275b9541a8cea3f\"><a aria-expanded=\"false\" aria-controls=\"10275b9541a8cea3f\" role=\"button\" data-toggle=\"collapse\" data-parent=\"#accordion-5026-1\" data-target=\"#10275b9541a8cea3f\" href=\"#10275b9541a8cea3f\"><span class=\"fusion-toggle-icon-wrapper\" aria-hidden=\"true\"><i class=\"fa-fusion-box active-icon fa-plus fas\" aria-hidden=\"true\"><\/i><i class=\"fa-fusion-box inactive-icon fa-plus fas\" aria-hidden=\"true\"><\/i><\/span><span class=\"fusion-toggle-heading\">De que forma o Nipa Artificial Palm Thatch supera o tradicional Natural Palm Thatch?<\/span><\/a><\/h3><\/div><div id=\"10275b9541a8cea3f\" class=\"panel-collapse collapse\" aria-labelledby=\"toggle_10275b9541a8cea3f\"><div class=\"panel-body toggle-content fusion-clearfix\">\n<p>Nipa Artificial Palm Thatch oferece v\u00e1rias vantagens em rela\u00e7\u00e3o \u00e0 palha natural. Possui uma vida \u00fatil mais longa, eliminando as frequentes necessidades de substitui\u00e7\u00e3o associadas \u00e0 palha natural. Al\u00e9m disso, n\u00e3o atrai p\u00e1ssaros ou insetos, o que \u00e9 um problema comum na palha natural. A resist\u00eancia ao mofo \u00e9 outro benef\u00edcio importante, j\u00e1 que a palha de Nipa n\u00e3o suporta o crescimento de mofo, ao contr\u00e1rio de sua contraparte natural. Al\u00e9m disso, mant\u00e9m uma apar\u00eancia limpa, pois n\u00e3o descama e n\u00e3o cai em piscinas ou arredores. Uma vantagem significativa \u00e9 o seu retardamento de fogo inerente, que dura toda a vida \u00fatil do material, aumentando a seguran\u00e7a e reduzindo os riscos de inc\u00eandio. Esses atributos fazem do Nipa Artificial Palm Thatch uma escolha superior em muitos aspectos.<\/p>\n<\/div><\/div><\/div><div class=\"fusion-panel panel-default panel-4b24c86c7d6bada50 fusion-toggle-has-divider\" style=\"--awb-title-color:var(--awb-custom12);\"><div class=\"panel-heading\"><h3 class=\"panel-title toggle\" id=\"toggle_4b24c86c7d6bada50\"><a aria-expanded=\"false\" aria-controls=\"4b24c86c7d6bada50\" role=\"button\" data-toggle=\"collapse\" data-parent=\"#accordion-5026-1\" data-target=\"#4b24c86c7d6bada50\" href=\"#4b24c86c7d6bada50\"><span class=\"fusion-toggle-icon-wrapper\" aria-hidden=\"true\"><i class=\"fa-fusion-box active-icon fa-plus fas\" aria-hidden=\"true\"><\/i><i class=\"fa-fusion-box inactive-icon fa-plus fas\" aria-hidden=\"true\"><\/i><\/span><span class=\"fusion-toggle-heading\">Qual a durabilidade e m\u00e9todo de tratamento de postes e cercas de eucalipto quando utilizados em ambientes externos?<\/span><\/a><\/h3><\/div><div id=\"4b24c86c7d6bada50\" class=\"panel-collapse collapse\" aria-labelledby=\"toggle_4b24c86c7d6bada50\"><div class=\"panel-body toggle-content fusion-clearfix\">\n<p>Postes e cercas de eucalipto s\u00e3o tratados com Wolman-E, uma alternativa segura e eficaz aos tratamentos convencionais. Este m\u00e9todo aumenta significativamente a longevidade do Eucalipto, garantindo que o seu projeto permane\u00e7a dur\u00e1vel e robusto por muitos anos. O tratamento ajuda a proteger contra amea\u00e7as externas comuns, como decomposi\u00e7\u00e3o e pragas, prolongando assim a vida \u00fatil dos postes e das cercas em condi\u00e7\u00f5es externas. Para obter detalhes espec\u00edficos sobre a vida \u00fatil, \u00e9 melhor considerar as condi\u00e7\u00f5es ambientais da \u00e1rea de instala\u00e7\u00e3o e consultar um profissional.<\/p>\n<\/div><\/div><\/div><div class=\"fusion-panel panel-default panel-b04d06ee3509ab2aa fusion-toggle-has-divider\" style=\"--awb-title-color:var(--awb-custom12);\"><div class=\"panel-heading\"><h3 class=\"panel-title toggle\" id=\"toggle_b04d06ee3509ab2aa\"><a aria-expanded=\"false\" aria-controls=\"b04d06ee3509ab2aa\" role=\"button\" data-toggle=\"collapse\" data-parent=\"#accordion-5026-1\" data-target=\"#b04d06ee3509ab2aa\" href=\"#b04d06ee3509ab2aa\"><span class=\"fusion-toggle-icon-wrapper\" aria-hidden=\"true\"><i class=\"fa-fusion-box active-icon fa-plus fas\" aria-hidden=\"true\"><\/i><i class=\"fa-fusion-box inactive-icon fa-plus fas\" aria-hidden=\"true\"><\/i><\/span><span class=\"fusion-toggle-heading\">Os pain\u00e9is e postes de bambu Fauxbam s\u00e3o adequados para uso externo?<\/span><\/a><\/h3><\/div><div id=\"b04d06ee3509ab2aa\" class=\"panel-collapse collapse\" aria-labelledby=\"toggle_b04d06ee3509ab2aa\"><div class=\"panel-body toggle-content fusion-clearfix\">\n<p>Sim, os pain\u00e9is e postes de parede Fauxbam Bamboo s\u00e3o projetados para uso externo, feitos de pl\u00e1stico ASA, um material conhecido por sua durabilidade e longa vida \u00fatil em condi\u00e7\u00f5es adversas, comumente utilizado na ind\u00fastria automotiva. A sua natureza robusta torna-os numa escolha popular para ambientes exigentes, incluindo jardins zool\u00f3gicos, resorts e parques tem\u00e1ticos em todo o mundo. Estes pain\u00e9is e postes s\u00e3o resistentes \u00e0 \u00e1gua e constru\u00eddos para durar anos, o que os torna uma excelente op\u00e7\u00e3o para aplica\u00e7\u00f5es externas onde a longevidade e a resist\u00eancia \u00e0s intemp\u00e9ries s\u00e3o cruciais.<\/p>\n<\/div><\/div><\/div><\/div><\/div><\/div><\/div><\/div><\/div><div class=\"fusion-fullwidth fullwidth-box fusion-builder-row-3 fusion-flex-container nonhundred-percent-fullwidth non-hundred-percent-height-scrolling\" style=\"--link_hover_color: var(--awb-color5);--link_color: var(--awb-color5);--awb-border-sizes-top:0px;--awb-border-sizes-bottom:0px;--awb-border-sizes-left:0px;--awb-border-sizes-right:0px;--awb-border-color:var(--awb-color3);--awb-border-radius-top-left:0px;--awb-border-radius-top-right:0px;--awb-border-radius-bottom-right:0px;--awb-border-radius-bottom-left:0px;--awb-padding-top:25px;--awb-padding-right:0px;--awb-padding-bottom:0px;--awb-padding-left:0px;--awb-padding-top-medium:60px;--awb-padding-right-medium:30px;--awb-padding-bottom-medium:60px;--awb-padding-left-medium:30px;--awb-padding-top-small:30px;--awb-padding-right-small:30px;--awb-padding-bottom-small:50px;--awb-padding-left-small:30px;--awb-margin-top:0px;--awb-margin-bottom:0px;--awb-background-color:#002c39;--awb-flex-wrap:wrap;\" ><div class=\"fusion-builder-row fusion-row fusion-flex-align-items-flex-start fusion-flex-justify-content-center fusion-flex-content-wrap\" style=\"max-width:1456px;margin-left: calc(-4% \/ 2 );margin-right: calc(-4% \/ 2 );\"><div class=\"fusion-layout-column fusion_builder_column fusion-builder-column-3 fusion_builder_column_1_1 1_1 fusion-flex-column\" style=\"--awb-bg-size:cover;--awb-width-large:100%;--awb-margin-top-large:0px;--awb-spacing-right-large:1.92%;--awb-margin-bottom-large:20px;--awb-spacing-left-large:1.92%;--awb-width-medium:100%;--awb-order-medium:0;--awb-spacing-right-medium:1.92%;--awb-spacing-left-medium:1.92%;--awb-width-small:100%;--awb-order-small:0;--awb-spacing-right-small:1.92%;--awb-spacing-left-small:1.92%;\"><div class=\"fusion-column-wrapper fusion-column-has-shadow fusion-flex-justify-content-flex-start fusion-content-layout-column\"><div class=\"fusion-title title fusion-title-2 fusion-sep-none fusion-title-center fusion-title-text fusion-title-size-four\" style=\"--awb-text-color:var(--awb-color1);--awb-font-size:38px;\"><h4 class=\"fusion-title-heading title-heading-center\" style=\"margin:0;font-size:1em;\">Pronto para planejar seu pr\u00f3ximo projeto?<\/h4><\/div><div style=\"text-align:center;\"><a class=\"fusion-button button-flat button-xlarge button-custom fusion-button-default button-1 fusion-button-default-span fusion-has-button-gradient\" style=\"--button_accent_color:var(--awb-custom14);--button_border_color:var(--awb-custom14);--button_accent_hover_color:#ffffff;--button_border_hover_color:#f5821f;--button_border_width-top:2px;--button_border_width-right:2px;--button_border_width-bottom:2px;--button_border_width-left:2px;--button-border-radius-top-left:20px;--button-border-radius-top-right:20px;--button-border-radius-bottom-right:20px;--button-border-radius-bottom-left:20px;--button_gradient_top_color:#ffffff;--button_gradient_bottom_color:#e3e3e5;--button_gradient_top_color_hover:#f5821f;--button_gradient_bottom_color_hover:#f47607;\" target=\"_self\" href=\"https:\/\/thesupplyscout.com\/pt\/project-estimation\/\"><span class=\"fusion-button-text\">Obtenha seu or\u00e7amento personalizado aqui<\/span><\/a><\/div><\/div><\/div><\/div><\/div><\/p>","protected":false},"excerpt":{"rendered":"","protected":false},"author":2,"featured_media":6073,"parent":0,"menu_order":0,"comment_status":"closed","ping_status":"closed","template":"100-width.php","meta":{"footnotes":""},"class_list":["post-5026","page","type-page","status-publish","has-post-thumbnail","hentry"],"yoast_head":"<!-- This site is optimized with the Yoast SEO Premium plugin v20.13 (Yoast SEO v21.4) - https:\/\/yoast.com\/wordpress\/plugins\/seo\/ -->\n<title>FAQ - The Supply Scout<\/title>\n<meta name=\"robots\" content=\"index, follow, max-snippet:-1, max-image-preview:large, max-video-preview:-1\" \/>\n<link rel=\"canonical\" href=\"https:\/\/thesupplyscout.com\/pt\/faq\/\" \/>\n<meta property=\"og:locale\" content=\"pt_PT\" \/>\n<meta property=\"og:type\" content=\"article\" \/>\n<meta property=\"og:title\" content=\"FAQ\" \/>\n<meta property=\"og:url\" content=\"https:\/\/thesupplyscout.com\/pt\/faq\/\" \/>\n<meta property=\"og:site_name\" content=\"The Supply Scout\" \/>\n<meta property=\"article:modified_time\" content=\"2024-08-20T23:55:54+00:00\" \/>\n<meta property=\"og:image\" content=\"https:\/\/thesupplyscout.com\/wp-content\/uploads\/2023\/11\/PALM-WORK12-scaled.jpg\" \/>\n\t<meta property=\"og:image:width\" content=\"2560\" \/>\n\t<meta property=\"og:image:height\" content=\"1370\" \/>\n\t<meta property=\"og:image:type\" content=\"image\/jpeg\" \/>\n<meta name=\"twitter:card\" content=\"summary_large_image\" \/>\n<meta name=\"twitter:label1\" content=\"Tempo estimado de leitura\" \/>\n\t<meta name=\"twitter:data1\" content=\"8 minutos\" \/>\n<script type=\"application\/ld+json\" class=\"yoast-schema-graph\">{\"@context\":\"https:\/\/schema.org\",\"@graph\":[{\"@type\":\"WebPage\",\"@id\":\"https:\/\/thesupplyscout.com\/faq\/\",\"url\":\"https:\/\/thesupplyscout.com\/faq\/\",\"name\":\"FAQ - The Supply Scout\",\"isPartOf\":{\"@id\":\"https:\/\/thesupplyscout.com\/#website\"},\"datePublished\":\"2023-09-21T21:37:02+00:00\",\"dateModified\":\"2024-08-20T23:55:54+00:00\",\"breadcrumb\":{\"@id\":\"https:\/\/thesupplyscout.com\/faq\/#breadcrumb\"},\"inLanguage\":\"pt-PT\",\"potentialAction\":[{\"@type\":\"ReadAction\",\"target\":[\"https:\/\/thesupplyscout.com\/faq\/\"]}]},{\"@type\":\"BreadcrumbList\",\"@id\":\"https:\/\/thesupplyscout.com\/faq\/#breadcrumb\",\"itemListElement\":[{\"@type\":\"ListItem\",\"position\":1,\"name\":\"Home\",\"item\":\"https:\/\/thesupplyscout.com\/\"},{\"@type\":\"ListItem\",\"position\":2,\"name\":\"FAQ\"}]},{\"@type\":\"WebSite\",\"@id\":\"https:\/\/thesupplyscout.com\/#website\",\"url\":\"https:\/\/thesupplyscout.com\/\",\"name\":\"The Supply Scout\",\"description\":\"Specialty Building Supplies\",\"potentialAction\":[{\"@type\":\"SearchAction\",\"target\":{\"@type\":\"EntryPoint\",\"urlTemplate\":\"https:\/\/thesupplyscout.com\/?s={search_term_string}\"},\"query-input\":\"required name=search_term_string\"}],\"inLanguage\":\"pt-PT\"}]}<\/script>\n<!-- \/ Yoast SEO Premium plugin. -->","yoast_head_json":{"title":"FAQ - The Supply Scout","robots":{"index":"index","follow":"follow","max-snippet":"max-snippet:-1","max-image-preview":"max-image-preview:large","max-video-preview":"max-video-preview:-1"},"canonical":"https:\/\/thesupplyscout.com\/pt\/faq\/","og_locale":"pt_PT","og_type":"article","og_title":"FAQ","og_url":"https:\/\/thesupplyscout.com\/pt\/faq\/","og_site_name":"The Supply Scout","article_modified_time":"2024-08-20T23:55:54+00:00","og_image":[{"width":2560,"height":1370,"url":"https:\/\/thesupplyscout.com\/wp-content\/uploads\/2023\/11\/PALM-WORK12-scaled.jpg","type":"image\/jpeg"}],"twitter_card":"summary_large_image","twitter_misc":{"Tempo estimado de leitura":"8 minutos"},"schema":{"@context":"https:\/\/schema.org","@graph":[{"@type":"WebPage","@id":"https:\/\/thesupplyscout.com\/faq\/","url":"https:\/\/thesupplyscout.com\/faq\/","name":"FAQ - The Supply Scout","isPartOf":{"@id":"https:\/\/thesupplyscout.com\/#website"},"datePublished":"2023-09-21T21:37:02+00:00","dateModified":"2024-08-20T23:55:54+00:00","breadcrumb":{"@id":"https:\/\/thesupplyscout.com\/faq\/#breadcrumb"},"inLanguage":"pt-PT","potentialAction":[{"@type":"ReadAction","target":["https:\/\/thesupplyscout.com\/faq\/"]}]},{"@type":"BreadcrumbList","@id":"https:\/\/thesupplyscout.com\/faq\/#breadcrumb","itemListElement":[{"@type":"ListItem","position":1,"name":"Home","item":"https:\/\/thesupplyscout.com\/"},{"@type":"ListItem","position":2,"name":"FAQ"}]},{"@type":"WebSite","@id":"https:\/\/thesupplyscout.com\/#website","url":"https:\/\/thesupplyscout.com\/","name":"The Supply Scout","description":"Specialty Building Supplies","potentialAction":[{"@type":"SearchAction","target":{"@type":"EntryPoint","urlTemplate":"https:\/\/thesupplyscout.com\/?s={search_term_string}"},"query-input":"required name=search_term_string"}],"inLanguage":"pt-PT"}]}},"_links":{"self":[{"href":"https:\/\/thesupplyscout.com\/pt\/wp-json\/wp\/v2\/pages\/5026","targetHints":{"allow":["GET"]}}],"collection":[{"href":"https:\/\/thesupplyscout.com\/pt\/wp-json\/wp\/v2\/pages"}],"about":[{"href":"https:\/\/thesupplyscout.com\/pt\/wp-json\/wp\/v2\/types\/page"}],"author":[{"embeddable":true,"href":"https:\/\/thesupplyscout.com\/pt\/wp-json\/wp\/v2\/users\/2"}],"replies":[{"embeddable":true,"href":"https:\/\/thesupplyscout.com\/pt\/wp-json\/wp\/v2\/comments?post=5026"}],"version-history":[{"count":0,"href":"https:\/\/thesupplyscout.com\/pt\/wp-json\/wp\/v2\/pages\/5026\/revisions"}],"wp:featuredmedia":[{"embeddable":true,"href":"https:\/\/thesupplyscout.com\/pt\/wp-json\/wp\/v2\/media\/6073"}],"wp:attachment":[{"href":"https:\/\/thesupplyscout.com\/pt\/wp-json\/wp\/v2\/media?parent=5026"}],"curies":[{"name":"wp","href":"https:\/\/api.w.org\/{rel}","templated":true}]}}