{"id":620,"date":"2020-03-11T00:33:56","date_gmt":"2020-03-11T00:33:56","guid":{"rendered":"https:\/\/thesupplyscout.com\/?page_id=620"},"modified":"2023-10-01T23:09:20","modified_gmt":"2023-10-01T23:09:20","slug":"blog","status":"publish","type":"page","link":"https:\/\/thesupplyscout.com\/es\/blog\/","title":{"rendered":"Blog"},"content":{"rendered":"<div class=\"fusion-fullwidth fullwidth-box fusion-builder-row-1 fusion-flex-container nonhundred-percent-fullwidth non-hundred-percent-height-scrolling\" style=\"--awb-background-position:left top;--awb-border-sizes-top:0px;--awb-border-sizes-bottom:0px;--awb-border-sizes-left:0px;--awb-border-sizes-right:0px;--awb-border-radius-top-left:0px;--awb-border-radius-top-right:0px;--awb-border-radius-bottom-right:0px;--awb-border-radius-bottom-left:0px;--awb-padding-top:0px;--awb-padding-bottom:0px;--awb-background-color:#fffcfc;--awb-flex-wrap:wrap;\" ><div class=\"fusion-builder-row fusion-row fusion-flex-align-items-flex-start fusion-flex-content-wrap\" style=\"max-width:1456px;margin-left: calc(-4% \/ 2 );margin-right: calc(-4% \/ 2 );\"><div class=\"fusion-layout-column fusion_builder_column fusion-builder-column-0 fusion_builder_column_1_1 1_1 fusion-flex-column fusion-flex-align-self-flex-start fusion-column-no-min-height\" style=\"--awb-bg-size:cover;--awb-width-large:100%;--awb-margin-top-large:0px;--awb-spacing-right-large:1.92%;--awb-margin-bottom-large:0px;--awb-spacing-left-large:1.92%;--awb-width-medium:100%;--awb-spacing-right-medium:1.92%;--awb-spacing-left-medium:1.92%;--awb-width-small:100%;--awb-spacing-right-small:1.92%;--awb-spacing-left-small:1.92%;\"><div class=\"fusion-column-wrapper fusion-flex-justify-content-flex-start fusion-content-layout-column\"><div class=\"fusion-separator fusion-no-small-visibility fusion-full-width-sep\" style=\"align-self: center;margin-left: auto;margin-right: auto;margin-top:160px;width:100%;\"><\/div><div class=\"fusion-blog-shortcode fusion-blog-shortcode-1 fusion-blog-archive fusion-blog-layout-grid-wrapper fusion-blog-infinite\"><style type=\"text\/css\">.fusion-blog-shortcode-1 .fusion-blog-layout-grid .fusion-post-grid{padding:20.5px;}.fusion-blog-shortcode-1 .fusion-posts-container{margin-left: -20.5px !important; margin-right:-20.5px !important;}<\/style><div class=\"fusion-posts-container fusion-posts-container-infinite fusion-posts-container-load-more fusion-blog-rollover fusion-blog-layout-grid fusion-blog-layout-grid-3 isotope fusion-blog-equal-heights\" data-pages=\"4\" data-grid-col-space=\"41\" style=\"margin: -20.5px -20.5px 0;min-height:500px;\"><article id=\"blog-1-post-6921\" class=\"fusion-post-grid post-6921 post type-post status-publish format-standard has-post-thumbnail hentry category-blog\">\n<div class=\"fusion-post-wrapper\" style=\"background-color:rgba(255,255,255,0);border:1px solid #f2f3f5;border-bottom-width:3px;\">\n\n\t\t\t<div class=\"fusion-flexslider flexslider fusion-flexslider-loading fusion-post-slideshow\" style=\"border-color:#f2f3f5;\">\n\t\t<ul class=\"slides\">\n\t\t\t\n\t\t\t\t\t\t\t\t\t\t\t\t\t\t<li><div  class=\"fusion-image-wrapper\" aria-haspopup=\"true\">\n\t\t\t\t<img decoding=\"async\" width=\"1079\" height=\"757\" src=\"https:\/\/thesupplyscout.com\/wp-content\/uploads\/2022\/07\/Screenshot_20220705-160711_Gallery-e1659138437432.jpg\" class=\"attachment-full size-full lazyload wp-post-image\" alt=\"\" srcset=\"data:image\/svg+xml,%3Csvg%20xmlns%3D%27http%3A%2F%2Fwww.w3.org%2F2000%2Fsvg%27%20width%3D%271079%27%20height%3D%27757%27%20viewBox%3D%270%200%201079%20757%27%3E%3Crect%20width%3D%271079%27%20height%3D%27757%27%20fill-opacity%3D%220%22%2F%3E%3C%2Fsvg%3E\" data-orig-src=\"https:\/\/thesupplyscout.com\/wp-content\/uploads\/2022\/07\/Screenshot_20220705-160711_Gallery-e1659138437432.jpg\" data-srcset=\"https:\/\/thesupplyscout.com\/wp-content\/uploads\/2022\/07\/Screenshot_20220705-160711_Gallery-e1659138437432-200x140.jpg 200w, https:\/\/thesupplyscout.com\/wp-content\/uploads\/2022\/07\/Screenshot_20220705-160711_Gallery-e1659138437432-400x281.jpg 400w, https:\/\/thesupplyscout.com\/wp-content\/uploads\/2022\/07\/Screenshot_20220705-160711_Gallery-e1659138437432-600x421.jpg 600w, https:\/\/thesupplyscout.com\/wp-content\/uploads\/2022\/07\/Screenshot_20220705-160711_Gallery-e1659138437432-800x561.jpg 800w, https:\/\/thesupplyscout.com\/wp-content\/uploads\/2022\/07\/Screenshot_20220705-160711_Gallery-e1659138437432.jpg 1079w\" data-sizes=\"auto\" \/><div class=\"fusion-rollover\">\n\t<div class=\"fusion-rollover-content\">\n\n\t\t\t\t\n\t\t\n\t\t\t\t\t\t\t\t\t\t\t\t<h4 class=\"fusion-rollover-title\">\n\t\t\t\t\t<a class=\"fusion-rollover-title-link\" href=\"https:\/\/thesupplyscout.com\/es\/2024\/06\/the-versatile-beauty-of-eucalyptus-poles-in-rustic-design\/\">\n\t\t\t\t\t\tLa belleza vers\u00e1til de los postes de eucalipto en dise\u00f1o r\u00fastico\t\t\t\t\t<\/a>\n\t\t\t\t<\/h4>\n\t\t\t\n\t\t\t\t\t\t\t\t\n\t\t\n\t\t\t\t\t\t<a class=\"fusion-link-wrapper\" href=\"https:\/\/thesupplyscout.com\/es\/2024\/06\/the-versatile-beauty-of-eucalyptus-poles-in-rustic-design\/\" aria-label=\"La belleza vers\u00e1til de los postes de eucalipto en dise\u00f1o r\u00fastico\"><\/a>\n\t<\/div>\n<\/div>\n<\/div>\n<\/li>\n\t\t\t\n\t\t\t\n\t\t\t\t\t\t\t\t\t\t\t\t\t\t\t\t\t\t\t\t\t\t\t\t\t\t\t\t\t\t\t\t\t\t\t\t\t\t\t\t\t\t\t\t\t\t\t\t\t\t\t\t\t\t\t\t\t\t\t\t\t\t\t\t\t\t\t\t<\/ul>\n\t<\/div>\n\t<div class=\"fusion-post-content-wrapper\" style=\"padding:30px 25px 25px 25px;\"><div class=\"fusion-post-content post-content\"><h2 class=\"blog-shortcode-post-title entry-title\"><a href=\"https:\/\/thesupplyscout.com\/es\/2024\/06\/the-versatile-beauty-of-eucalyptus-poles-in-rustic-design\/\">La belleza vers\u00e1til de los postes de eucalipto en dise\u00f1o r\u00fastico<\/a><\/h2><div class=\"fusion-content-sep sep-none\"><\/div><div class=\"fusion-post-content-container\"><p>Esc\u00e1pese al para\u00edso con paja sint\u00e9tica: \u00a1una revoluci\u00f3n en techos que no podr\u00e1 creer! Los postes de eucalipto se han convertido en una opci\u00f3n popular en el dise\u00f1o r\u00fastico gracias a su resistencia, sostenibilidad y atractivo est\u00e9tico. Este material vers\u00e1til se utiliza cada vez m\u00e1s en diversas aplicaciones, desde entornos residenciales hasta comerciales, y ofrece tanto funcionalidad [...]<\/p><\/div><\/div><div class=\"fusion-meta-info\"><div class=\"fusion-alignleft\"><a class=\"fusion-read-more\" href=\"https:\/\/thesupplyscout.com\/es\/2024\/06\/the-versatile-beauty-of-eucalyptus-poles-in-rustic-design\/\" aria-label=\"M\u00e1s sobre la vers\u00e1til belleza de los postes de eucalipto en dise\u00f1o r\u00fastico\">Lee mas<\/a><\/div><\/div><\/div><div class=\"fusion-clearfix\"><\/div><\/div>\n<\/article>\n<article id=\"blog-1-post-6427\" class=\"fusion-post-grid post-6427 post type-post status-publish format-standard has-post-thumbnail hentry category-blog\">\n<div class=\"fusion-post-wrapper\" style=\"background-color:rgba(255,255,255,0);border:1px solid #f2f3f5;border-bottom-width:3px;\">\n\n\t\t\t<div class=\"fusion-flexslider flexslider fusion-flexslider-loading fusion-post-slideshow\" style=\"border-color:#f2f3f5;\">\n\t\t<ul class=\"slides\">\n\t\t\t\n\t\t\t\t\t\t\t\t\t\t\t\t\t\t<li><div  class=\"fusion-image-wrapper\" aria-haspopup=\"true\">\n\t\t\t\t<img decoding=\"async\" width=\"900\" height=\"675\" src=\"https:\/\/thesupplyscout.com\/wp-content\/uploads\/2024\/01\/thatch-v2.jpeg\" class=\"attachment-full size-full lazyload wp-post-image\" alt=\"\" srcset=\"data:image\/svg+xml,%3Csvg%20xmlns%3D%27http%3A%2F%2Fwww.w3.org%2F2000%2Fsvg%27%20width%3D%27900%27%20height%3D%27675%27%20viewBox%3D%270%200%20900%20675%27%3E%3Crect%20width%3D%27900%27%20height%3D%27675%27%20fill-opacity%3D%220%22%2F%3E%3C%2Fsvg%3E\" data-orig-src=\"https:\/\/thesupplyscout.com\/wp-content\/uploads\/2024\/01\/thatch-v2.jpeg\" data-srcset=\"https:\/\/thesupplyscout.com\/wp-content\/uploads\/2024\/01\/thatch-v2-200x150.jpeg 200w, https:\/\/thesupplyscout.com\/wp-content\/uploads\/2024\/01\/thatch-v2-400x300.jpeg 400w, https:\/\/thesupplyscout.com\/wp-content\/uploads\/2024\/01\/thatch-v2-600x450.jpeg 600w, https:\/\/thesupplyscout.com\/wp-content\/uploads\/2024\/01\/thatch-v2-800x600.jpeg 800w, https:\/\/thesupplyscout.com\/wp-content\/uploads\/2024\/01\/thatch-v2.jpeg 900w\" data-sizes=\"auto\" \/><div class=\"fusion-rollover\">\n\t<div class=\"fusion-rollover-content\">\n\n\t\t\t\t\n\t\t\n\t\t\t\t\t\t\t\t\t\t\t\t<h4 class=\"fusion-rollover-title\">\n\t\t\t\t\t<a class=\"fusion-rollover-title-link\" href=\"https:\/\/thesupplyscout.com\/es\/2024\/01\/escape-to-paradise-with-synthetic-thatch-a-roofing-revolution-you-wont-believe\/\">\n\t\t\t\t\t\tEsc\u00e1pese al para\u00edso con paja sint\u00e9tica: \u00a1una revoluci\u00f3n en techos que no podr\u00e1 creer!\t\t\t\t\t<\/a>\n\t\t\t\t<\/h4>\n\t\t\t\n\t\t\t\t\t\t\t\t\n\t\t\n\t\t\t\t\t\t<a class=\"fusion-link-wrapper\" href=\"https:\/\/thesupplyscout.com\/es\/2024\/01\/escape-to-paradise-with-synthetic-thatch-a-roofing-revolution-you-wont-believe\/\" aria-label=\"Esc\u00e1pese al para\u00edso con paja sint\u00e9tica: \u00a1una revoluci\u00f3n en techos que no podr\u00e1 creer!\"><\/a>\n\t<\/div>\n<\/div>\n<\/div>\n<\/li>\n\t\t\t\n\t\t\t\n\t\t\t\t\t\t\t\t\t\t\t\t\t\t\t\t\t\t\t\t\t\t\t\t\t\t\t\t\t\t\t\t\t\t\t\t\t\t\t\t\t\t\t\t\t\t\t\t\t\t\t\t\t\t\t\t\t\t\t\t\t\t\t\t\t\t\t\t<\/ul>\n\t<\/div>\n\t<div class=\"fusion-post-content-wrapper\" style=\"padding:30px 25px 25px 25px;\"><div class=\"fusion-post-content post-content\"><h2 class=\"blog-shortcode-post-title entry-title\"><a href=\"https:\/\/thesupplyscout.com\/es\/2024\/01\/escape-to-paradise-with-synthetic-thatch-a-roofing-revolution-you-wont-believe\/\">Esc\u00e1pese al para\u00edso con paja sint\u00e9tica: \u00a1una revoluci\u00f3n en techos que no podr\u00e1 creer!<\/a><\/h2><div class=\"fusion-content-sep sep-none\"><\/div><div class=\"fusion-post-content-container\"><p>Esc\u00e1pese al para\u00edso con paja sint\u00e9tica: \u00a1una revoluci\u00f3n en techos que no podr\u00e1 creer! En el mundo de la arquitectura y el dise\u00f1o de viviendas, pocos elementos evocan tanto el encanto del para\u00edso como la est\u00e9tica tropical de los techos de paja. La mera menci\u00f3n de la paja evoca im\u00e1genes de escapadas ex\u00f3ticas y de islas serenas.<\/p><\/div><\/div><div class=\"fusion-meta-info\"><div class=\"fusion-alignleft\"><a class=\"fusion-read-more\" href=\"https:\/\/thesupplyscout.com\/es\/2024\/01\/escape-to-paradise-with-synthetic-thatch-a-roofing-revolution-you-wont-believe\/\" aria-label=\"M\u00e1s informaci\u00f3n sobre Escape al para\u00edso con paja sint\u00e9tica: \u00a1una revoluci\u00f3n en techos que no podr\u00e1 creer!\">Lee mas<\/a><\/div><\/div><\/div><div class=\"fusion-clearfix\"><\/div><\/div>\n<\/article>\n<article id=\"blog-1-post-6422\" class=\"fusion-post-grid post-6422 post type-post status-publish format-standard has-post-thumbnail hentry category-blog\">\n<div class=\"fusion-post-wrapper\" style=\"background-color:rgba(255,255,255,0);border:1px solid #f2f3f5;border-bottom-width:3px;\">\n\n\t\t\t<div class=\"fusion-flexslider flexslider fusion-flexslider-loading fusion-post-slideshow\" style=\"border-color:#f2f3f5;\">\n\t\t<ul class=\"slides\">\n\t\t\t\n\t\t\t\t\t\t\t\t\t\t\t\t\t\t<li><div  class=\"fusion-image-wrapper\" aria-haspopup=\"true\">\n\t\t\t\t<img decoding=\"async\" width=\"1806\" height=\"1259\" src=\"https:\/\/thesupplyscout.com\/wp-content\/uploads\/2024\/01\/nipa-palm-thatch-roofing-materials.jpg\" class=\"attachment-full size-full lazyload wp-post-image\" alt=\"\" srcset=\"data:image\/svg+xml,%3Csvg%20xmlns%3D%27http%3A%2F%2Fwww.w3.org%2F2000%2Fsvg%27%20width%3D%271806%27%20height%3D%271259%27%20viewBox%3D%270%200%201806%201259%27%3E%3Crect%20width%3D%271806%27%20height%3D%271259%27%20fill-opacity%3D%220%22%2F%3E%3C%2Fsvg%3E\" data-orig-src=\"https:\/\/thesupplyscout.com\/wp-content\/uploads\/2024\/01\/nipa-palm-thatch-roofing-materials.jpg\" data-srcset=\"https:\/\/thesupplyscout.com\/wp-content\/uploads\/2024\/01\/nipa-palm-thatch-roofing-materials-200x139.jpg 200w, https:\/\/thesupplyscout.com\/wp-content\/uploads\/2024\/01\/nipa-palm-thatch-roofing-materials-400x279.jpg 400w, https:\/\/thesupplyscout.com\/wp-content\/uploads\/2024\/01\/nipa-palm-thatch-roofing-materials-600x418.jpg 600w, https:\/\/thesupplyscout.com\/wp-content\/uploads\/2024\/01\/nipa-palm-thatch-roofing-materials-800x558.jpg 800w, https:\/\/thesupplyscout.com\/wp-content\/uploads\/2024\/01\/nipa-palm-thatch-roofing-materials-1200x837.jpg 1200w, https:\/\/thesupplyscout.com\/wp-content\/uploads\/2024\/01\/nipa-palm-thatch-roofing-materials.jpg 1806w\" data-sizes=\"auto\" \/><div class=\"fusion-rollover\">\n\t<div class=\"fusion-rollover-content\">\n\n\t\t\t\t\n\t\t\n\t\t\t\t\t\t\t\t\t\t\t\t<h4 class=\"fusion-rollover-title\">\n\t\t\t\t\t<a class=\"fusion-rollover-title-link\" href=\"https:\/\/thesupplyscout.com\/es\/2024\/01\/elevate-your-tiki-hut-with-stunning-artificial-thatch-a-tropical-paradise-awaits\/\">\n\t\t\t\t\t\tEleve su caba\u00f1a Tiki con una impresionante paja artificial: \u00a1le espera un para\u00edso tropical!\t\t\t\t\t<\/a>\n\t\t\t\t<\/h4>\n\t\t\t\n\t\t\t\t\t\t\t\t\n\t\t\n\t\t\t\t\t\t<a class=\"fusion-link-wrapper\" href=\"https:\/\/thesupplyscout.com\/es\/2024\/01\/elevate-your-tiki-hut-with-stunning-artificial-thatch-a-tropical-paradise-awaits\/\" aria-label=\"Eleve su caba\u00f1a Tiki con una impresionante paja artificial: \u00a1le espera un para\u00edso tropical!\"><\/a>\n\t<\/div>\n<\/div>\n<\/div>\n<\/li>\n\t\t\t\n\t\t\t\n\t\t\t\t\t\t\t\t\t\t\t\t\t\t\t\t\t\t\t\t\t\t\t\t\t\t\t\t\t\t\t\t\t\t\t\t\t\t\t\t\t\t\t\t\t\t\t\t\t\t\t\t\t\t\t\t\t\t\t\t\t\t\t\t\t\t\t\t<\/ul>\n\t<\/div>\n\t<div class=\"fusion-post-content-wrapper\" style=\"padding:30px 25px 25px 25px;\"><div class=\"fusion-post-content post-content\"><h2 class=\"blog-shortcode-post-title entry-title\"><a href=\"https:\/\/thesupplyscout.com\/es\/2024\/01\/elevate-your-tiki-hut-with-stunning-artificial-thatch-a-tropical-paradise-awaits\/\">Eleve su caba\u00f1a Tiki con una impresionante paja artificial: \u00a1le espera un para\u00edso tropical!<\/a><\/h2><div class=\"fusion-content-sep sep-none\"><\/div><div class=\"fusion-post-content-container\"><p> Eleve su caba\u00f1a Tiki con una impresionante paja artificial: \u00a1le espera un para\u00edso tropical! Cuando imaginas un para\u00edso tropical, \u00bfqu\u00e9 te viene a la mente? Playas v\u00edrgenes, aguas cristalinas, palmeras y, por supuesto, la ic\u00f3nica caba\u00f1a Tiki. Estas encantadoras estructuras con techo de paja se han convertido en sin\u00f3nimo de relajaci\u00f3n, diversi\u00f3n y [...]<\/p><\/div><\/div><div class=\"fusion-meta-info\"><div class=\"fusion-alignleft\"><a class=\"fusion-read-more\" href=\"https:\/\/thesupplyscout.com\/es\/2024\/01\/elevate-your-tiki-hut-with-stunning-artificial-thatch-a-tropical-paradise-awaits\/\" aria-label=\"M\u00e1s informaci\u00f3n sobre c\u00f3mo elevar su caba\u00f1a Tiki con una impresionante paja artificial: \u00a1le espera un para\u00edso tropical!\">Lee mas<\/a><\/div><\/div><\/div><div class=\"fusion-clearfix\"><\/div><\/div>\n<\/article>\n<div class=\"fusion-clearfix\"><\/div><\/div><div class=\"fusion-infinite-scroll-trigger\"><\/div><div class=\"pagination infinite-scroll clearfix\" style=\"display:none;\"><span class=\"current\">1<\/span><a href=\"https:\/\/thesupplyscout.com\/es\/wp-json\/wp\/v2\/pages\/620\/page\/2\/\" class=\"inactive\">2<\/a><a class=\"pagination-next\" rel=\"next\" href=\"https:\/\/thesupplyscout.com\/es\/wp-json\/wp\/v2\/pages\/620\/page\/2\/\"><span class=\"page-text\">pr\u00f3ximo<\/span><span class=\"page-next\"><\/span><\/a><\/div><div class=\"fusion-clearfix\"><\/div><button class=\"fusion-load-more-button fusion-blog-button fusion-clearfix\">Cargar m\u00e1s entradas<\/button><\/div><\/div><\/div><\/div><\/div>","protected":false},"excerpt":{"rendered":"","protected":false},"author":1,"featured_media":0,"parent":0,"menu_order":0,"comment_status":"closed","ping_status":"closed","template":"100-width.php","meta":{"footnotes":""},"class_list":["post-620","page","type-page","status-publish","hentry"],"yoast_head":"<!-- This site is optimized with the Yoast SEO Premium plugin v20.13 (Yoast SEO v21.4) - https:\/\/yoast.com\/wordpress\/plugins\/seo\/ -->\n<title>Blog - The Supply Scout<\/title>\n<meta name=\"robots\" content=\"index, follow, max-snippet:-1, max-image-preview:large, max-video-preview:-1\" \/>\n<link rel=\"canonical\" href=\"https:\/\/thesupplyscout.com\/es\/blog\/\" \/>\n<meta property=\"og:locale\" content=\"es_MX\" \/>\n<meta property=\"og:type\" content=\"article\" \/>\n<meta property=\"og:title\" content=\"Blog\" \/>\n<meta property=\"og:url\" content=\"https:\/\/thesupplyscout.com\/es\/blog\/\" \/>\n<meta property=\"og:site_name\" content=\"The Supply Scout\" \/>\n<meta property=\"article:modified_time\" content=\"2023-10-01T23:09:20+00:00\" \/>\n<meta name=\"twitter:card\" content=\"summary_large_image\" \/>\n<meta name=\"twitter:label1\" content=\"Tiempo de lectura\" \/>\n\t<meta name=\"twitter:data1\" content=\"1 minuto\" \/>\n<script type=\"application\/ld+json\" class=\"yoast-schema-graph\">{\"@context\":\"https:\/\/schema.org\",\"@graph\":[{\"@type\":\"WebPage\",\"@id\":\"https:\/\/thesupplyscout.com\/blog\/\",\"url\":\"https:\/\/thesupplyscout.com\/blog\/\",\"name\":\"Blog - The Supply Scout\",\"isPartOf\":{\"@id\":\"https:\/\/thesupplyscout.com\/#website\"},\"datePublished\":\"2020-03-11T00:33:56+00:00\",\"dateModified\":\"2023-10-01T23:09:20+00:00\",\"breadcrumb\":{\"@id\":\"https:\/\/thesupplyscout.com\/blog\/#breadcrumb\"},\"inLanguage\":\"es\",\"potentialAction\":[{\"@type\":\"ReadAction\",\"target\":[\"https:\/\/thesupplyscout.com\/blog\/\"]}]},{\"@type\":\"BreadcrumbList\",\"@id\":\"https:\/\/thesupplyscout.com\/blog\/#breadcrumb\",\"itemListElement\":[{\"@type\":\"ListItem\",\"position\":1,\"name\":\"Home\",\"item\":\"https:\/\/thesupplyscout.com\/\"},{\"@type\":\"ListItem\",\"position\":2,\"name\":\"Blog\"}]},{\"@type\":\"WebSite\",\"@id\":\"https:\/\/thesupplyscout.com\/#website\",\"url\":\"https:\/\/thesupplyscout.com\/\",\"name\":\"The Supply Scout\",\"description\":\"Specialty Building Supplies\",\"potentialAction\":[{\"@type\":\"SearchAction\",\"target\":{\"@type\":\"EntryPoint\",\"urlTemplate\":\"https:\/\/thesupplyscout.com\/?s={search_term_string}\"},\"query-input\":\"required name=search_term_string\"}],\"inLanguage\":\"es\"}]}<\/script>\n<!-- \/ Yoast SEO Premium plugin. -->","yoast_head_json":{"title":"Blog - The Supply Scout","robots":{"index":"index","follow":"follow","max-snippet":"max-snippet:-1","max-image-preview":"max-image-preview:large","max-video-preview":"max-video-preview:-1"},"canonical":"https:\/\/thesupplyscout.com\/es\/blog\/","og_locale":"es_MX","og_type":"article","og_title":"Blog","og_url":"https:\/\/thesupplyscout.com\/es\/blog\/","og_site_name":"The Supply Scout","article_modified_time":"2023-10-01T23:09:20+00:00","twitter_card":"summary_large_image","twitter_misc":{"Tiempo de lectura":"1 minuto"},"schema":{"@context":"https:\/\/schema.org","@graph":[{"@type":"WebPage","@id":"https:\/\/thesupplyscout.com\/blog\/","url":"https:\/\/thesupplyscout.com\/blog\/","name":"Blog - The Supply Scout","isPartOf":{"@id":"https:\/\/thesupplyscout.com\/#website"},"datePublished":"2020-03-11T00:33:56+00:00","dateModified":"2023-10-01T23:09:20+00:00","breadcrumb":{"@id":"https:\/\/thesupplyscout.com\/blog\/#breadcrumb"},"inLanguage":"es","potentialAction":[{"@type":"ReadAction","target":["https:\/\/thesupplyscout.com\/blog\/"]}]},{"@type":"BreadcrumbList","@id":"https:\/\/thesupplyscout.com\/blog\/#breadcrumb","itemListElement":[{"@type":"ListItem","position":1,"name":"Home","item":"https:\/\/thesupplyscout.com\/"},{"@type":"ListItem","position":2,"name":"Blog"}]},{"@type":"WebSite","@id":"https:\/\/thesupplyscout.com\/#website","url":"https:\/\/thesupplyscout.com\/","name":"The Supply Scout","description":"Specialty Building Supplies","potentialAction":[{"@type":"SearchAction","target":{"@type":"EntryPoint","urlTemplate":"https:\/\/thesupplyscout.com\/?s={search_term_string}"},"query-input":"required name=search_term_string"}],"inLanguage":"es"}]}},"_links":{"self":[{"href":"https:\/\/thesupplyscout.com\/es\/wp-json\/wp\/v2\/pages\/620","targetHints":{"allow":["GET"]}}],"collection":[{"href":"https:\/\/thesupplyscout.com\/es\/wp-json\/wp\/v2\/pages"}],"about":[{"href":"https:\/\/thesupplyscout.com\/es\/wp-json\/wp\/v2\/types\/page"}],"author":[{"embeddable":true,"href":"https:\/\/thesupplyscout.com\/es\/wp-json\/wp\/v2\/users\/1"}],"replies":[{"embeddable":true,"href":"https:\/\/thesupplyscout.com\/es\/wp-json\/wp\/v2\/comments?post=620"}],"version-history":[{"count":0,"href":"https:\/\/thesupplyscout.com\/es\/wp-json\/wp\/v2\/pages\/620\/revisions"}],"wp:attachment":[{"href":"https:\/\/thesupplyscout.com\/es\/wp-json\/wp\/v2\/media?parent=620"}],"curies":[{"name":"wp","href":"https:\/\/api.w.org\/{rel}","templated":true}]}}