{"id":5026,"date":"2023-09-21T21:37:02","date_gmt":"2023-09-21T21:37:02","guid":{"rendered":"https:\/\/thesupplyscout.com\/?page_id=5026"},"modified":"2024-08-20T23:55:54","modified_gmt":"2024-08-20T23:55:54","slug":"faq","status":"publish","type":"page","link":"https:\/\/thesupplyscout.com\/es\/faq\/","title":{"rendered":"Preguntas m\u00e1s frecuentes"},"content":{"rendered":"<p><div class=\"fusion-fullwidth fullwidth-box fusion-builder-row-1 fusion-flex-container has-pattern-background has-mask-background fusion-parallax-none nonhundred-percent-fullwidth non-hundred-percent-height-scrolling lazyload\" style=\"--awb-background-position:center top;--awb-background-blend-mode:multiply;--awb-border-radius-top-left:0px;--awb-border-radius-top-right:0px;--awb-border-radius-bottom-right:0px;--awb-border-radius-bottom-left:0px;--awb-padding-top:70px;--awb-padding-bottom-small:20px;--awb-background-color:rgba(28,28,28,0);--awb-background-size:cover;--awb-flex-wrap:wrap;\" data-bg=\"https:\/\/thesupplyscout.com\/wp-content\/uploads\/2023\/09\/Cypress-Poles-scaled.jpg\" ><div class=\"fusion-builder-row fusion-row fusion-flex-align-items-flex-start fusion-flex-content-wrap\" style=\"max-width:1456px;margin-left: calc(-4% \/ 2 );margin-right: calc(-4% \/ 2 );\"><div class=\"fusion-layout-column fusion_builder_column fusion-builder-column-0 fusion_builder_column_1_1 1_1 fusion-flex-column\" style=\"--awb-bg-size:cover;--awb-width-large:100%;--awb-margin-top-large:0px;--awb-spacing-right-large:1.92%;--awb-margin-bottom-large:20px;--awb-spacing-left-large:1.92%;--awb-width-medium:100%;--awb-order-medium:0;--awb-spacing-right-medium:1.92%;--awb-spacing-left-medium:1.92%;--awb-width-small:100%;--awb-order-small:0;--awb-spacing-right-small:1.92%;--awb-spacing-left-small:1.92%;\"><div class=\"fusion-column-wrapper fusion-column-has-shadow fusion-flex-justify-content-flex-start fusion-content-layout-column\"><div class=\"fusion-separator fusion-no-medium-visibility fusion-no-large-visibility fusion-full-width-sep\" style=\"align-self: center;margin-left: auto;margin-right: auto;margin-top:350px;width:100%;\"><\/div><div class=\"fusion-separator fusion-no-small-visibility fusion-no-medium-visibility fusion-full-width-sep\" style=\"align-self: center;margin-left: auto;margin-right: auto;margin-top:350px;width:100%;\"><\/div><\/div><\/div><div class=\"fusion-layout-column fusion_builder_column fusion-builder-column-1 fusion_builder_column_2_5 2_5 fusion-flex-column fusion-no-small-visibility\" style=\"--awb-padding-right:10px;--awb-padding-left:10px;--awb-overflow:hidden;--awb-bg-color:rgba(0,0,0,0.8);--awb-bg-color-hover:rgba(0,0,0,0.8);--awb-bg-size:cover;--awb-border-color:var(--awb-color6);--awb-border-top:1px;--awb-border-right:1px;--awb-border-bottom:1px;--awb-border-left:1px;--awb-border-style:solid;--awb-border-radius:10px 10px 10px 10px;--awb-width-large:40%;--awb-margin-top-large:0px;--awb-spacing-right-large:4.8%;--awb-margin-bottom-large:20px;--awb-spacing-left-large:4.8%;--awb-width-medium:100%;--awb-order-medium:0;--awb-spacing-right-medium:1.92%;--awb-spacing-left-medium:1.92%;--awb-width-small:100%;--awb-order-small:0;--awb-spacing-right-small:1.92%;--awb-spacing-left-small:1.92%;\" data-scroll-devices=\"small-visibility,medium-visibility,large-visibility\"><div class=\"fusion-column-wrapper fusion-column-has-shadow fusion-flex-justify-content-flex-end fusion-content-layout-column\"><div class=\"fusion-title title fusion-title-1 fusion-sep-none fusion-title-center fusion-title-text fusion-title-size-two\" style=\"--awb-text-color:#f9f9f9;--awb-font-size:30px;\"><h2 class=\"fusion-title-heading title-heading-center\" style=\"margin:0;font-size:1em;\"><h1>Preguntas m\u00e1s frecuentes<\/h1><\/h2><\/div><\/div><\/div><\/div><\/div><div class=\"fusion-fullwidth fullwidth-box fusion-builder-row-2 fusion-flex-container has-pattern-background has-mask-background nonhundred-percent-fullwidth non-hundred-percent-height-scrolling\" style=\"--awb-border-radius-top-left:0px;--awb-border-radius-top-right:0px;--awb-border-radius-bottom-right:0px;--awb-border-radius-bottom-left:0px;--awb-padding-top:20px;--awb-padding-bottom:0px;--awb-background-color:var(--awb-custom11);--awb-flex-wrap:wrap;\" ><div class=\"fusion-builder-row fusion-row fusion-flex-align-items-center fusion-flex-justify-content-center fusion-flex-content-wrap\" style=\"max-width:1456px;margin-left: calc(-4% \/ 2 );margin-right: calc(-4% \/ 2 );\"><div class=\"fusion-layout-column fusion_builder_column fusion-builder-column-2 fusion_builder_column_1_1 1_1 fusion-flex-column\" style=\"--awb-padding-top:10px;--awb-padding-right:10px;--awb-padding-bottom:10px;--awb-padding-left:10px;--awb-bg-color:var(--awb-color1);--awb-bg-color-hover:var(--awb-color1);--awb-bg-size:cover;--awb-width-large:100%;--awb-margin-top-large:0px;--awb-spacing-right-large:1.92%;--awb-margin-bottom-large:20px;--awb-spacing-left-large:1.92%;--awb-width-medium:100%;--awb-order-medium:0;--awb-spacing-right-medium:1.92%;--awb-spacing-left-medium:1.92%;--awb-width-small:100%;--awb-order-small:0;--awb-spacing-right-small:1.92%;--awb-spacing-left-small:1.92%;\" data-scroll-devices=\"small-visibility,medium-visibility,large-visibility\"><div class=\"fusion-column-wrapper fusion-column-has-shadow fusion-flex-justify-content-flex-start fusion-content-layout-column\"><div class=\"accordian fusion-accordian\" style=\"--awb-border-size:1px;--awb-icon-size:16px;--awb-content-font-size:17px;--awb-icon-alignment:right;--awb-hover-color:#f9f9fb;--awb-border-color:#e2e2e2;--awb-background-color:#ffffff;--awb-divider-color:#e2e2e2;--awb-divider-hover-color:#e2e2e2;--awb-icon-color:var(--awb-custom14);--awb-title-color:var(--awb-custom_color_1);--awb-content-color:#4a4e57;--awb-icon-box-color:var(--awb-color1);--awb-toggle-hover-accent-color:var(--awb-custom_color_1);--awb-title-font-family:&quot;Poppins&quot;;--awb-title-font-weight:600;--awb-title-font-style:normal;--awb-title-font-size:19px;--awb-title-line-height:1.3em;--awb-content-font-family:&quot;Open Sans&quot;;--awb-content-font-style:normal;--awb-content-font-weight:400;\"><div class=\"panel-group fusion-toggle-icon-right fusion-toggle-icon-unboxed\" id=\"accordion-5026-1\"><div class=\"fusion-panel panel-default panel-03840fd9313e7b888 fusion-toggle-has-divider\" style=\"--awb-title-color:var(--awb-custom12);\"><div class=\"panel-heading\"><h3 class=\"panel-title toggle\" id=\"toggle_03840fd9313e7b888\"><a aria-expanded=\"false\" aria-controls=\"03840fd9313e7b888\" role=\"button\" data-toggle=\"collapse\" data-parent=\"#accordion-5026-1\" data-target=\"#03840fd9313e7b888\" href=\"#03840fd9313e7b888\"><span class=\"fusion-toggle-icon-wrapper\" aria-hidden=\"true\"><i class=\"fa-fusion-box active-icon fa-plus fas\" aria-hidden=\"true\"><\/i><i class=\"fa-fusion-box inactive-icon fa-plus fas\" aria-hidden=\"true\"><\/i><\/span><span class=\"fusion-toggle-heading\">\u00bfThe Supply Scout proporciona exclusivamente productos tem\u00e1ticos a empresas constructoras?<\/span><\/a><\/h3><\/div><div id=\"03840fd9313e7b888\" class=\"panel-collapse collapse\" aria-labelledby=\"toggle_03840fd9313e7b888\"><div class=\"panel-body toggle-content fusion-clearfix\">\n<p>Supply Scout ofrece sus productos y servicios a una amplia gama de clientes, incluidas entidades comerciales e individuos residenciales, no solo empresas de construcci\u00f3n.<\/p>\n<\/div><\/div><\/div><div class=\"fusion-panel panel-default panel-b04282ef361fc3226 fusion-toggle-has-divider\" style=\"--awb-title-color:var(--awb-custom12);\"><div class=\"panel-heading\"><h3 class=\"panel-title toggle\" id=\"toggle_b04282ef361fc3226\"><a aria-expanded=\"false\" aria-controls=\"b04282ef361fc3226\" role=\"button\" data-toggle=\"collapse\" data-parent=\"#accordion-5026-1\" data-target=\"#b04282ef361fc3226\" href=\"#b04282ef361fc3226\"><span class=\"fusion-toggle-icon-wrapper\" aria-hidden=\"true\"><i class=\"fa-fusion-box active-icon fa-plus fas\" aria-hidden=\"true\"><\/i><i class=\"fa-fusion-box inactive-icon fa-plus fas\" aria-hidden=\"true\"><\/i><\/span><span class=\"fusion-toggle-heading\">\u00bfQu\u00e9 tipo de garant\u00eda acompa\u00f1a a la paja artificial Nipa de Supply Scout?<\/span><\/a><\/h3><\/div><div id=\"b04282ef361fc3226\" class=\"panel-collapse collapse\" aria-labelledby=\"toggle_b04282ef361fc3226\"><div class=\"panel-body toggle-content fusion-clearfix\">\n<p>La paja artificial de Supply Scout, conocida como Nipa, est\u00e1 respaldada por una garant\u00eda limitada de 20 a\u00f1os. Esta garant\u00eda asegura a los clientes la calidad y durabilidad del producto durante dos d\u00e9cadas, brind\u00e1ndoles tranquilidad y confianza en su rendimiento y confiabilidad a largo plazo.<\/p>\n<\/div><\/div><\/div><div class=\"fusion-panel panel-default panel-46745894c1ab05fbd fusion-toggle-has-divider\" style=\"--awb-title-color:var(--awb-custom12);\"><div class=\"panel-heading\"><h3 class=\"panel-title toggle\" id=\"toggle_46745894c1ab05fbd\"><a aria-expanded=\"false\" aria-controls=\"46745894c1ab05fbd\" role=\"button\" data-toggle=\"collapse\" data-parent=\"#accordion-5026-1\" data-target=\"#46745894c1ab05fbd\" href=\"#46745894c1ab05fbd\"><span class=\"fusion-toggle-icon-wrapper\" aria-hidden=\"true\"><i class=\"fa-fusion-box active-icon fa-plus fas\" aria-hidden=\"true\"><\/i><i class=\"fa-fusion-box inactive-icon fa-plus fas\" aria-hidden=\"true\"><\/i><\/span><span class=\"fusion-toggle-heading\"> \u00bfLa paja Nipa viene con alguna certificaci\u00f3n de seguridad contra incendios?<\/span><\/a><\/h3><\/div><div id=\"46745894c1ab05fbd\" class=\"panel-collapse collapse\" aria-labelledby=\"toggle_46745894c1ab05fbd\"><div class=\"panel-body toggle-content fusion-clearfix\">\n<p>S\u00ed, la paja Nipa est\u00e1 equipada con una clasificaci\u00f3n de fuego Clase A, lo que indica que tiene el nivel m\u00e1s alto de resistencia al fuego en su categor\u00eda. Esta calificaci\u00f3n significa que el material ha sido sometido a pruebas rigurosas y se ha demostrado que resiste eficazmente la propagaci\u00f3n de llamas y minimiza la cantidad de humo producido. La clasificaci\u00f3n contra incendios Clase A garantiza que la paja Nipa cumpla con estrictos est\u00e1ndares de seguridad, lo que la convierte en una opci\u00f3n confiable para los clientes preocupados por la seguridad contra incendios en sus materiales de construcci\u00f3n.<\/p>\n<\/div><\/div><\/div><div class=\"fusion-panel panel-default panel-80089aea40720ab80 fusion-toggle-has-divider\" style=\"--awb-title-color:var(--awb-custom12);\"><div class=\"panel-heading\"><h3 class=\"panel-title toggle\" id=\"toggle_80089aea40720ab80\"><a aria-expanded=\"false\" aria-controls=\"80089aea40720ab80\" role=\"button\" data-toggle=\"collapse\" data-parent=\"#accordion-5026-1\" data-target=\"#80089aea40720ab80\" href=\"#80089aea40720ab80\"><span class=\"fusion-toggle-icon-wrapper\" aria-hidden=\"true\"><i class=\"fa-fusion-box active-icon fa-plus fas\" aria-hidden=\"true\"><\/i><i class=\"fa-fusion-box inactive-icon fa-plus fas\" aria-hidden=\"true\"><\/i><\/span><span class=\"fusion-toggle-heading\"> \u00bfLa paja sint\u00e9tica Nipa es capaz de soportar condiciones de vientos fuertes, como los que se experimentan en los huracanes?<\/span><\/a><\/h3><\/div><div id=\"80089aea40720ab80\" class=\"panel-collapse collapse\" aria-labelledby=\"toggle_80089aea40720ab80\"><div class=\"panel-body toggle-content fusion-clearfix\">\n<p>S\u00ed, la paja sint\u00e9tica Nipa est\u00e1 dise\u00f1ada para soportar condiciones clim\u00e1ticas extremas, incluidos vientos fuertes de hasta 200 mph, cuando se instala de acuerdo con las especificaciones del fabricante. Se ha sometido a pruebas exhaustivas para garantizar su durabilidad y capacidad para soportar condiciones tan intensas, lo que lo convierte en una opci\u00f3n s\u00f3lida para \u00e1reas propensas a fuertes vientos y huracanes. Esta resiliencia garantiza que la paja permanezca segura e intacta, incluso en condiciones clim\u00e1ticas adversas, brindando confiabilidad y tranquilidad a los usuarios.<\/p>\n<\/div><\/div><\/div><div class=\"fusion-panel panel-default panel-0239a7fd320832591 fusion-toggle-has-divider\" style=\"--awb-title-color:var(--awb-custom12);\"><div class=\"panel-heading\"><h3 class=\"panel-title toggle\" id=\"toggle_0239a7fd320832591\"><a aria-expanded=\"false\" aria-controls=\"0239a7fd320832591\" role=\"button\" data-toggle=\"collapse\" data-parent=\"#accordion-5026-1\" data-target=\"#0239a7fd320832591\" href=\"#0239a7fd320832591\"><span class=\"fusion-toggle-icon-wrapper\" aria-hidden=\"true\"><i class=\"fa-fusion-box active-icon fa-plus fas\" aria-hidden=\"true\"><\/i><i class=\"fa-fusion-box inactive-icon fa-plus fas\" aria-hidden=\"true\"><\/i><\/span><span class=\"fusion-toggle-heading\">\u00bfCu\u00e1l es el rango de precios de la paja artificial Nipa?<\/span><\/a><\/h3><\/div><div id=\"0239a7fd320832591\" class=\"panel-collapse collapse\" aria-labelledby=\"toggle_0239a7fd320832591\"><div class=\"panel-body toggle-content fusion-clearfix\">\n<p>El costo de la paja sint\u00e9tica Nipa var\u00eda seg\u00fan varios factores, incluido el tama\u00f1o de su proyecto, la ubicaci\u00f3n y otros requisitos espec\u00edficos. Para obtener un presupuesto preciso y personalizado para sus necesidades particulares, lo mejor es ponerse en contacto con uno de nuestros expertos en paja. Pueden proporcionar una cotizaci\u00f3n personalizada considerando todas las variables exclusivas de su proyecto, lo que garantiza que reciba informaci\u00f3n precisa sobre los precios.<\/p>\n<\/div><\/div><\/div><div class=\"fusion-panel panel-default panel-10275b9541a8cea3f fusion-toggle-has-divider\" style=\"--awb-title-color:var(--awb-custom12);\"><div class=\"panel-heading\"><h3 class=\"panel-title toggle\" id=\"toggle_10275b9541a8cea3f\"><a aria-expanded=\"false\" aria-controls=\"10275b9541a8cea3f\" role=\"button\" data-toggle=\"collapse\" data-parent=\"#accordion-5026-1\" data-target=\"#10275b9541a8cea3f\" href=\"#10275b9541a8cea3f\"><span class=\"fusion-toggle-icon-wrapper\" aria-hidden=\"true\"><i class=\"fa-fusion-box active-icon fa-plus fas\" aria-hidden=\"true\"><\/i><i class=\"fa-fusion-box inactive-icon fa-plus fas\" aria-hidden=\"true\"><\/i><\/span><span class=\"fusion-toggle-heading\">\u00bfDe qu\u00e9 manera la paja de palma artificial Nipa supera a la paja de palma natural tradicional?<\/span><\/a><\/h3><\/div><div id=\"10275b9541a8cea3f\" class=\"panel-collapse collapse\" aria-labelledby=\"toggle_10275b9541a8cea3f\"><div class=\"panel-body toggle-content fusion-clearfix\">\n<p>La paja de palma artificial Nipa ofrece varias ventajas sobre la paja de palma natural. Cuenta con una vida \u00fatil m\u00e1s larga, lo que elimina las frecuentes necesidades de reemplazo asociadas con la paja natural. Adem\u00e1s, no atrae p\u00e1jaros ni insectos, lo cual es un problema com\u00fan con la paja natural. La resistencia al moho es otro beneficio clave, ya que la paja Nipa no favorece el crecimiento de moho, a diferencia de su contraparte natural. Adem\u00e1s, mantiene una apariencia limpia ya que no se descascara ni cae a las piscinas o \u00e1reas circundantes. Una ventaja significativa es su retardo de fuego inherente, que dura toda la vida \u00fatil del material, lo que mejora la seguridad y reduce los riesgos de incendio. Estos atributos hacen de Nipa Artificial Palm Thatch una opci\u00f3n superior en muchos aspectos.<\/p>\n<\/div><\/div><\/div><div class=\"fusion-panel panel-default panel-4b24c86c7d6bada50 fusion-toggle-has-divider\" style=\"--awb-title-color:var(--awb-custom12);\"><div class=\"panel-heading\"><h3 class=\"panel-title toggle\" id=\"toggle_4b24c86c7d6bada50\"><a aria-expanded=\"false\" aria-controls=\"4b24c86c7d6bada50\" role=\"button\" data-toggle=\"collapse\" data-parent=\"#accordion-5026-1\" data-target=\"#4b24c86c7d6bada50\" href=\"#4b24c86c7d6bada50\"><span class=\"fusion-toggle-icon-wrapper\" aria-hidden=\"true\"><i class=\"fa-fusion-box active-icon fa-plus fas\" aria-hidden=\"true\"><\/i><i class=\"fa-fusion-box inactive-icon fa-plus fas\" aria-hidden=\"true\"><\/i><\/span><span class=\"fusion-toggle-heading\">\u00bfCu\u00e1l es la durabilidad y el m\u00e9todo de tratamiento de los postes y cercas de eucalipto cuando se usan al aire libre?<\/span><\/a><\/h3><\/div><div id=\"4b24c86c7d6bada50\" class=\"panel-collapse collapse\" aria-labelledby=\"toggle_4b24c86c7d6bada50\"><div class=\"panel-body toggle-content fusion-clearfix\">\n<p>Los postes y cercas de eucalipto se tratan con Wolman-E, una alternativa segura y eficaz a los tratamientos convencionales. Este m\u00e9todo mejora significativamente la longevidad del eucalipto, asegurando que su proyecto siga siendo duradero y robusto en los a\u00f1os venideros. El tratamiento ayuda a proteger contra amenazas comunes del exterior, como la descomposici\u00f3n y las plagas, extendiendo as\u00ed la vida \u00fatil de los postes y las cercas en condiciones exteriores. Para obtener detalles espec\u00edficos sobre la vida \u00fatil, es mejor considerar las condiciones ambientales del \u00e1rea de instalaci\u00f3n y consultar con un profesional.<\/p>\n<\/div><\/div><\/div><div class=\"fusion-panel panel-default panel-b04d06ee3509ab2aa fusion-toggle-has-divider\" style=\"--awb-title-color:var(--awb-custom12);\"><div class=\"panel-heading\"><h3 class=\"panel-title toggle\" id=\"toggle_b04d06ee3509ab2aa\"><a aria-expanded=\"false\" aria-controls=\"b04d06ee3509ab2aa\" role=\"button\" data-toggle=\"collapse\" data-parent=\"#accordion-5026-1\" data-target=\"#b04d06ee3509ab2aa\" href=\"#b04d06ee3509ab2aa\"><span class=\"fusion-toggle-icon-wrapper\" aria-hidden=\"true\"><i class=\"fa-fusion-box active-icon fa-plus fas\" aria-hidden=\"true\"><\/i><i class=\"fa-fusion-box inactive-icon fa-plus fas\" aria-hidden=\"true\"><\/i><\/span><span class=\"fusion-toggle-heading\">\u00bfLos paneles y postes de bamb\u00fa Fauxbam son adecuados para uso en exteriores?<\/span><\/a><\/h3><\/div><div id=\"b04d06ee3509ab2aa\" class=\"panel-collapse collapse\" aria-labelledby=\"toggle_b04d06ee3509ab2aa\"><div class=\"panel-body toggle-content fusion-clearfix\">\n<p>S\u00ed, los paneles y postes de pared Fauxbam Bamboo est\u00e1n dise\u00f1ados para uso en exteriores, fabricados con pl\u00e1stico ASA, un material conocido por su durabilidad y larga vida \u00fatil en condiciones duras, com\u00fanmente utilizado en la industria automotriz. Su naturaleza robusta los convierte en una opci\u00f3n popular para entornos exigentes, incluidos zool\u00f3gicos, complejos tur\u00edsticos y parques tem\u00e1ticos de todo el mundo. Estos paneles y postes son resistentes al agua y est\u00e1n fabricados para durar a\u00f1os, lo que los convierte en una excelente opci\u00f3n para aplicaciones en exteriores donde la longevidad y la resistencia a los elementos son cruciales.<\/p>\n<\/div><\/div><\/div><\/div><\/div><\/div><\/div><\/div><\/div><div class=\"fusion-fullwidth fullwidth-box fusion-builder-row-3 fusion-flex-container nonhundred-percent-fullwidth non-hundred-percent-height-scrolling\" style=\"--link_hover_color: var(--awb-color5);--link_color: var(--awb-color5);--awb-border-sizes-top:0px;--awb-border-sizes-bottom:0px;--awb-border-sizes-left:0px;--awb-border-sizes-right:0px;--awb-border-color:var(--awb-color3);--awb-border-radius-top-left:0px;--awb-border-radius-top-right:0px;--awb-border-radius-bottom-right:0px;--awb-border-radius-bottom-left:0px;--awb-padding-top:25px;--awb-padding-right:0px;--awb-padding-bottom:0px;--awb-padding-left:0px;--awb-padding-top-medium:60px;--awb-padding-right-medium:30px;--awb-padding-bottom-medium:60px;--awb-padding-left-medium:30px;--awb-padding-top-small:30px;--awb-padding-right-small:30px;--awb-padding-bottom-small:50px;--awb-padding-left-small:30px;--awb-margin-top:0px;--awb-margin-bottom:0px;--awb-background-color:#002c39;--awb-flex-wrap:wrap;\" ><div class=\"fusion-builder-row fusion-row fusion-flex-align-items-flex-start fusion-flex-justify-content-center fusion-flex-content-wrap\" style=\"max-width:1456px;margin-left: calc(-4% \/ 2 );margin-right: calc(-4% \/ 2 );\"><div class=\"fusion-layout-column fusion_builder_column fusion-builder-column-3 fusion_builder_column_1_1 1_1 fusion-flex-column\" style=\"--awb-bg-size:cover;--awb-width-large:100%;--awb-margin-top-large:0px;--awb-spacing-right-large:1.92%;--awb-margin-bottom-large:20px;--awb-spacing-left-large:1.92%;--awb-width-medium:100%;--awb-order-medium:0;--awb-spacing-right-medium:1.92%;--awb-spacing-left-medium:1.92%;--awb-width-small:100%;--awb-order-small:0;--awb-spacing-right-small:1.92%;--awb-spacing-left-small:1.92%;\"><div class=\"fusion-column-wrapper fusion-column-has-shadow fusion-flex-justify-content-flex-start fusion-content-layout-column\"><div class=\"fusion-title title fusion-title-2 fusion-sep-none fusion-title-center fusion-title-text fusion-title-size-four\" style=\"--awb-text-color:var(--awb-color1);--awb-font-size:38px;\"><h4 class=\"fusion-title-heading title-heading-center\" style=\"margin:0;font-size:1em;\">\u00bfListo para planificar tu pr\u00f3ximo proyecto?<\/h4><\/div><div style=\"text-align:center;\"><a class=\"fusion-button button-flat button-xlarge button-custom fusion-button-default button-1 fusion-button-default-span fusion-has-button-gradient\" style=\"--button_accent_color:var(--awb-custom14);--button_border_color:var(--awb-custom14);--button_accent_hover_color:#ffffff;--button_border_hover_color:#f5821f;--button_border_width-top:2px;--button_border_width-right:2px;--button_border_width-bottom:2px;--button_border_width-left:2px;--button-border-radius-top-left:20px;--button-border-radius-top-right:20px;--button-border-radius-bottom-right:20px;--button-border-radius-bottom-left:20px;--button_gradient_top_color:#ffffff;--button_gradient_bottom_color:#e3e3e5;--button_gradient_top_color_hover:#f5821f;--button_gradient_bottom_color_hover:#f47607;\" target=\"_self\" href=\"https:\/\/thesupplyscout.com\/es\/project-estimation\/\"><span class=\"fusion-button-text\">Obtenga su cotizaci\u00f3n personalizada aqu\u00ed<\/span><\/a><\/div><\/div><\/div><\/div><\/div><\/p>","protected":false},"excerpt":{"rendered":"","protected":false},"author":2,"featured_media":6073,"parent":0,"menu_order":0,"comment_status":"closed","ping_status":"closed","template":"100-width.php","meta":{"footnotes":""},"class_list":["post-5026","page","type-page","status-publish","has-post-thumbnail","hentry"],"yoast_head":"<!-- This site is optimized with the Yoast SEO Premium plugin v20.13 (Yoast SEO v21.4) - https:\/\/yoast.com\/wordpress\/plugins\/seo\/ -->\n<title>FAQ - The Supply Scout<\/title>\n<meta name=\"robots\" content=\"index, follow, max-snippet:-1, max-image-preview:large, max-video-preview:-1\" \/>\n<link rel=\"canonical\" href=\"https:\/\/thesupplyscout.com\/es\/faq\/\" \/>\n<meta property=\"og:locale\" content=\"es_MX\" \/>\n<meta property=\"og:type\" content=\"article\" \/>\n<meta property=\"og:title\" content=\"FAQ\" \/>\n<meta property=\"og:url\" content=\"https:\/\/thesupplyscout.com\/es\/faq\/\" \/>\n<meta property=\"og:site_name\" content=\"The Supply Scout\" \/>\n<meta property=\"article:modified_time\" content=\"2024-08-20T23:55:54+00:00\" \/>\n<meta property=\"og:image\" content=\"https:\/\/thesupplyscout.com\/wp-content\/uploads\/2023\/11\/PALM-WORK12-scaled.jpg\" \/>\n\t<meta property=\"og:image:width\" content=\"2560\" \/>\n\t<meta property=\"og:image:height\" content=\"1370\" \/>\n\t<meta property=\"og:image:type\" content=\"image\/jpeg\" \/>\n<meta name=\"twitter:card\" content=\"summary_large_image\" \/>\n<meta name=\"twitter:label1\" content=\"Tiempo de lectura\" \/>\n\t<meta name=\"twitter:data1\" content=\"8 minutos\" \/>\n<script type=\"application\/ld+json\" class=\"yoast-schema-graph\">{\"@context\":\"https:\/\/schema.org\",\"@graph\":[{\"@type\":\"WebPage\",\"@id\":\"https:\/\/thesupplyscout.com\/faq\/\",\"url\":\"https:\/\/thesupplyscout.com\/faq\/\",\"name\":\"FAQ - The Supply Scout\",\"isPartOf\":{\"@id\":\"https:\/\/thesupplyscout.com\/#website\"},\"datePublished\":\"2023-09-21T21:37:02+00:00\",\"dateModified\":\"2024-08-20T23:55:54+00:00\",\"breadcrumb\":{\"@id\":\"https:\/\/thesupplyscout.com\/faq\/#breadcrumb\"},\"inLanguage\":\"es\",\"potentialAction\":[{\"@type\":\"ReadAction\",\"target\":[\"https:\/\/thesupplyscout.com\/faq\/\"]}]},{\"@type\":\"BreadcrumbList\",\"@id\":\"https:\/\/thesupplyscout.com\/faq\/#breadcrumb\",\"itemListElement\":[{\"@type\":\"ListItem\",\"position\":1,\"name\":\"Home\",\"item\":\"https:\/\/thesupplyscout.com\/\"},{\"@type\":\"ListItem\",\"position\":2,\"name\":\"FAQ\"}]},{\"@type\":\"WebSite\",\"@id\":\"https:\/\/thesupplyscout.com\/#website\",\"url\":\"https:\/\/thesupplyscout.com\/\",\"name\":\"The Supply Scout\",\"description\":\"Specialty Building Supplies\",\"potentialAction\":[{\"@type\":\"SearchAction\",\"target\":{\"@type\":\"EntryPoint\",\"urlTemplate\":\"https:\/\/thesupplyscout.com\/?s={search_term_string}\"},\"query-input\":\"required name=search_term_string\"}],\"inLanguage\":\"es\"}]}<\/script>\n<!-- \/ Yoast SEO Premium plugin. -->","yoast_head_json":{"title":"FAQ - The Supply Scout","robots":{"index":"index","follow":"follow","max-snippet":"max-snippet:-1","max-image-preview":"max-image-preview:large","max-video-preview":"max-video-preview:-1"},"canonical":"https:\/\/thesupplyscout.com\/es\/faq\/","og_locale":"es_MX","og_type":"article","og_title":"FAQ","og_url":"https:\/\/thesupplyscout.com\/es\/faq\/","og_site_name":"The Supply Scout","article_modified_time":"2024-08-20T23:55:54+00:00","og_image":[{"width":2560,"height":1370,"url":"https:\/\/thesupplyscout.com\/wp-content\/uploads\/2023\/11\/PALM-WORK12-scaled.jpg","type":"image\/jpeg"}],"twitter_card":"summary_large_image","twitter_misc":{"Tiempo de lectura":"8 minutos"},"schema":{"@context":"https:\/\/schema.org","@graph":[{"@type":"WebPage","@id":"https:\/\/thesupplyscout.com\/faq\/","url":"https:\/\/thesupplyscout.com\/faq\/","name":"FAQ - The Supply Scout","isPartOf":{"@id":"https:\/\/thesupplyscout.com\/#website"},"datePublished":"2023-09-21T21:37:02+00:00","dateModified":"2024-08-20T23:55:54+00:00","breadcrumb":{"@id":"https:\/\/thesupplyscout.com\/faq\/#breadcrumb"},"inLanguage":"es","potentialAction":[{"@type":"ReadAction","target":["https:\/\/thesupplyscout.com\/faq\/"]}]},{"@type":"BreadcrumbList","@id":"https:\/\/thesupplyscout.com\/faq\/#breadcrumb","itemListElement":[{"@type":"ListItem","position":1,"name":"Home","item":"https:\/\/thesupplyscout.com\/"},{"@type":"ListItem","position":2,"name":"FAQ"}]},{"@type":"WebSite","@id":"https:\/\/thesupplyscout.com\/#website","url":"https:\/\/thesupplyscout.com\/","name":"The Supply Scout","description":"Specialty Building Supplies","potentialAction":[{"@type":"SearchAction","target":{"@type":"EntryPoint","urlTemplate":"https:\/\/thesupplyscout.com\/?s={search_term_string}"},"query-input":"required name=search_term_string"}],"inLanguage":"es"}]}},"_links":{"self":[{"href":"https:\/\/thesupplyscout.com\/es\/wp-json\/wp\/v2\/pages\/5026","targetHints":{"allow":["GET"]}}],"collection":[{"href":"https:\/\/thesupplyscout.com\/es\/wp-json\/wp\/v2\/pages"}],"about":[{"href":"https:\/\/thesupplyscout.com\/es\/wp-json\/wp\/v2\/types\/page"}],"author":[{"embeddable":true,"href":"https:\/\/thesupplyscout.com\/es\/wp-json\/wp\/v2\/users\/2"}],"replies":[{"embeddable":true,"href":"https:\/\/thesupplyscout.com\/es\/wp-json\/wp\/v2\/comments?post=5026"}],"version-history":[{"count":0,"href":"https:\/\/thesupplyscout.com\/es\/wp-json\/wp\/v2\/pages\/5026\/revisions"}],"wp:featuredmedia":[{"embeddable":true,"href":"https:\/\/thesupplyscout.com\/es\/wp-json\/wp\/v2\/media\/6073"}],"wp:attachment":[{"href":"https:\/\/thesupplyscout.com\/es\/wp-json\/wp\/v2\/media?parent=5026"}],"curies":[{"name":"wp","href":"https:\/\/api.w.org\/{rel}","templated":true}]}}